{"id":113,"date":"2026-01-09T11:22:52","date_gmt":"2026-01-09T11:22:52","guid":{"rendered":"https:\/\/www.mama4573.odns.fr\/?page_id=113"},"modified":"2026-02-20T14:48:17","modified_gmt":"2026-02-20T14:48:17","slug":"a-propos","status":"publish","type":"page","link":"https:\/\/magalinutritionanimale.fr\/es\/a-propos\/","title":{"rendered":"Sobre mi"},"content":{"rendered":"<p>Soy Magali Martin, especialista francesa en nutrici\u00f3n animal, originaria de S\u00e8te y afincada desde hace varios a\u00f1os en Alicante (Espa\u00f1a). Acompa\u00f1o a familias y a profesionales del sector animal a comprender y optimizar la alimentaci\u00f3n de perros, gatos y hurones dom\u00e9sticos mediante un enfoque cient\u00edfico, claro y accesible.<\/p>\n\n\n\n<p>Estoy formada en nutrici\u00f3n canina, felina y de hurones, con una especializaci\u00f3n en alimentaci\u00f3n natural \u2014tanto cruda como cocinada\u2014 y en dietas comerciales. Mi trabajo se basa en los est\u00e1ndares internacionales de referencia en nutrici\u00f3n animal, incluyendo las recomendaciones del NRC (National Research Council) y los principios de Small Animal Clinical Nutrition.<\/p>\n\n\n\n<p>Mi formaci\u00f3n es internacional: me he formado junto a profesionales y veterinarios de renombre mundial, lo que me permite integrar m\u00e9todos actualizados, fiables y reconocidos dentro del campo de la nutrici\u00f3n animal.<\/p>\n\n\n\n<p>Como Auxiliar T\u00e9cnico Veterinario (ATV) con experiencia cl\u00ednica, y miembro de la Raw Feeding Veterinary Society (RFVS), me formo de manera continua para ofrecer un acompa\u00f1amiento serio, riguroso y respetuoso con las necesidades reales de cada animal.<\/p>\n\n\n\n<p>Acompa\u00f1o a las familias de forma presencial en Alicante (Espa\u00f1a) y tambi\u00e9n en l\u00ednea, con experiencia en consultas en Francia, Espa\u00f1a, Argentina, Chile, Per\u00fa, Portugal, Finlandia y Austria. Si desean saber m\u00e1s sobre mi trayectoria o mis formaciones, estar\u00e9 encantada de comentarlo durante nuestra primera consulta.<\/p>","protected":false},"excerpt":{"rendered":"<p>Je suis Magali Martin, sp\u00e9cialiste fran\u00e7aise en nutrition animale, originaire de S\u00e8te et install\u00e9e depuis plusieurs ann\u00e9es \u00e0 Alicante (Espagne). J\u2019aide les familles et les professionnels du secteur animalier \u00e0 comprendre et optimiser l\u2019alimentation des chiens, chats et furets domestiques gr\u00e2ce \u00e0 une approche scientifique, claire et accessible. Je suis form\u00e9e en nutrition canine, f\u00e9line [&hellip;]<\/p>","protected":false},"author":1,"featured_media":26,"parent":0,"menu_order":0,"comment_status":"closed","ping_status":"closed","template":"","meta":{"footnotes":""},"class_list":["post-113","page","type-page","status-publish","has-post-thumbnail","hentry"],"_links":{"self":[{"href":"https:\/\/magalinutritionanimale.fr\/es\/wp-json\/wp\/v2\/pages\/113","targetHints":{"allow":["GET"]}}],"collection":[{"href":"https:\/\/magalinutritionanimale.fr\/es\/wp-json\/wp\/v2\/pages"}],"about":[{"href":"https:\/\/magalinutritionanimale.fr\/es\/wp-json\/wp\/v2\/types\/page"}],"author":[{"embeddable":true,"href":"https:\/\/magalinutritionanimale.fr\/es\/wp-json\/wp\/v2\/users\/1"}],"replies":[{"embeddable":true,"href":"https:\/\/magalinutritionanimale.fr\/es\/wp-json\/wp\/v2\/comments?post=113"}],"version-history":[{"count":3,"href":"https:\/\/magalinutritionanimale.fr\/es\/wp-json\/wp\/v2\/pages\/113\/revisions"}],"predecessor-version":[{"id":144,"href":"https:\/\/magalinutritionanimale.fr\/es\/wp-json\/wp\/v2\/pages\/113\/revisions\/144"}],"wp:featuredmedia":[{"embeddable":true,"href":"https:\/\/magalinutritionanimale.fr\/es\/wp-json\/wp\/v2\/media\/26"}],"wp:attachment":[{"href":"https:\/\/magalinutritionanimale.fr\/es\/wp-json\/wp\/v2\/media?parent=113"}],"curies":[{"name":"wp","href":"https:\/\/api.w.org\/{rel}","templated":true}]}}