{"id":13,"date":"2026-01-08T16:20:12","date_gmt":"2026-01-08T16:20:12","guid":{"rendered":"https:\/\/www.mama4573.odns.fr\/?page_id=13"},"modified":"2026-01-09T14:36:38","modified_gmt":"2026-01-09T14:36:38","slug":"services-en-nutrition","status":"publish","type":"page","link":"https:\/\/magalinutritionanimale.fr\/es\/services-en-nutrition\/","title":{"rendered":"Servicios de nutrici\u00f3n"},"content":{"rendered":"<p>Propongo servicios de nutrici\u00f3n para perros, gatos y hurones dom\u00e9sticos. Mi funci\u00f3n es ayudar a las familias a ver con claridad entre las distintas opciones alimentarias, analizar la informaci\u00f3n disponible y tomar decisiones coherentes con las necesidades reales de sus animales y con las exigencias de su d\u00eda a d\u00eda.<\/p>\n\n\n\n<ul class=\"wp-block-list\">\n<li>Consulta nutricional simple<\/li>\n\n\n\n<li>Consulta sobre dietas comerciales<\/li>\n\n\n\n<li>Plan nutricional personalizado (cocido, crudo, BARF, modelo presa)<\/li>\n\n\n\n<li>Planes nutricionales para cachorros y gatitos<\/li>\n\n\n\n<li>Acompa\u00f1amiento nutricional para necesidades espec\u00edficas<\/li>\n<\/ul>\n\n\n\n<h2 class=\"wp-block-heading\">Consulta nutricional simple<\/h2>\n\n\n\n<p>Este servicio est\u00e1 destinado a las familias que tienen una pregunta concreta o una duda sobre la alimentaci\u00f3n de su animal. Permite obtener una opini\u00f3n clara, fundamentada y directamente aplicable en el d\u00eda a d\u00eda.<\/p>\n\n\n\n<h2 class=\"wp-block-heading\">Consulta sobre dietas comerciales<\/h2>\n\n\n\n<p>Este servicio ayuda a las familias a comprender y analizar los alimentos industriales disponibles en el mercado. Permite evaluar la composici\u00f3n, la calidad y la adecuaci\u00f3n al animal y a los objetivos de la familia, para poder tomar una decisi\u00f3n informada.<\/p>\n\n\n\n<h2 class=\"wp-block-heading\">Plan nutricional personalizado (cocido, crudo, BARF, modelo presa)<\/h2>\n\n\n\n<p>Este servicio est\u00e1 dirigido a las familias que desean una alimentaci\u00f3n casera adaptada a las necesidades reales de su animal. El plan se elabora a partir de informaci\u00f3n precisa sobre el animal y el hogar, con el objetivo de ofrecer una alimentaci\u00f3n equilibrada, clara y aplicable en el d\u00eda a d\u00eda<\/p>\n\n\n\n<h2 class=\"wp-block-heading\">Planes nutricionales para cachorros y gatitos<\/h2>\n\n\n\n<p>Este servicio est\u00e1 destinado a las familias que desean acompa\u00f1ar el crecimiento de su cachorro o gatito con una alimentaci\u00f3n adecuada. El objetivo es garantizar un desarrollo armonioso, coherente con la edad, el tama\u00f1o adulto previsto y el estilo de vida.<\/p>\n\n\n\n<h2 class=\"wp-block-heading\">Acompa\u00f1amiento nutricional para necesidades espec\u00edficas<\/h2>\n\n\n\n<p>Este servicio est\u00e1 dirigido a las familias que desean ajustar u optimizar la alimentaci\u00f3n actual de su animal. Permite introducir mejoras espec\u00edficas en funci\u00f3n del contexto, los objetivos y las necesidades particulares del hogar.<\/p>\n\n\n\n<figure class=\"wp-block-image aligncenter size-large is-resized\"><img loading=\"lazy\" decoding=\"async\" width=\"768\" height=\"1024\" src=\"https:\/\/www.mama4573.odns.fr\/wp-content\/uploads\/2026\/01\/WhatsApp-Image-2026-01-08-at-17.51.06-768x1024.jpeg\" alt=\"\" class=\"wp-image-37\" style=\"aspect-ratio:0.7500050665595809;width:319px;height:auto\" srcset=\"https:\/\/magalinutritionanimale.fr\/wp-content\/uploads\/2026\/01\/WhatsApp-Image-2026-01-08-at-17.51.06-768x1024.jpeg 768w, https:\/\/magalinutritionanimale.fr\/wp-content\/uploads\/2026\/01\/WhatsApp-Image-2026-01-08-at-17.51.06-225x300.jpeg 225w, https:\/\/magalinutritionanimale.fr\/wp-content\/uploads\/2026\/01\/WhatsApp-Image-2026-01-08-at-17.51.06-1152x1536.jpeg 1152w, https:\/\/magalinutritionanimale.fr\/wp-content\/uploads\/2026\/01\/WhatsApp-Image-2026-01-08-at-17.51.06.jpeg 1536w\" sizes=\"auto, (max-width: 768px) 100vw, 768px\" \/><\/figure>\n\n\n\n<h2 class=\"wp-block-heading\">C\u00f3mo reservar<\/h2>\n\n\n\n<p>Si deseas reservar una consulta u obtener m\u00e1s informaci\u00f3n, puedes ponerte en contacto conmigo directamente. Te responder\u00e9 con mucho gusto.<\/p>\n\n\n\n<div class=\"wp-block-buttons is-layout-flex wp-block-buttons-is-layout-flex\">\n<div class=\"wp-block-button\"><a class=\"wp-block-button__link wp-element-button\" href=\"https:\/\/magalinutritionanimale.fr\/es\/contact\/\">Contactarme<\/a><\/div>\n<\/div>\n\n\n\n<figure class=\"wp-block-image size-full\"><img loading=\"lazy\" decoding=\"async\" width=\"612\" height=\"408\" src=\"https:\/\/www.mama4573.odns.fr\/wp-content\/uploads\/2026\/01\/1.png\" alt=\"\" class=\"wp-image-63\" srcset=\"https:\/\/magalinutritionanimale.fr\/wp-content\/uploads\/2026\/01\/1.png 612w, https:\/\/magalinutritionanimale.fr\/wp-content\/uploads\/2026\/01\/1-300x200.png 300w\" sizes=\"auto, (max-width: 612px) 100vw, 612px\" \/><\/figure>","protected":false},"excerpt":{"rendered":"<p>Je propose des services en nutrition pour chiens, chats et furets domestiques. Mon r\u00f4le est d\u2019aider les familles \u00e0 y voir plus clair parmi les diff\u00e9rentes options alimentaires, \u00e0 analyser les informations disponibles et \u00e0 faire des choix coh\u00e9rents avec les besoins r\u00e9els de leurs animaux et leurs contraintes du quotidien. Consultation nutritionnelle simple Ce [&hellip;]<\/p>","protected":false},"author":1,"featured_media":25,"parent":0,"menu_order":0,"comment_status":"closed","ping_status":"closed","template":"","meta":{"footnotes":""},"class_list":["post-13","page","type-page","status-publish","has-post-thumbnail","hentry"],"_links":{"self":[{"href":"https:\/\/magalinutritionanimale.fr\/es\/wp-json\/wp\/v2\/pages\/13","targetHints":{"allow":["GET"]}}],"collection":[{"href":"https:\/\/magalinutritionanimale.fr\/es\/wp-json\/wp\/v2\/pages"}],"about":[{"href":"https:\/\/magalinutritionanimale.fr\/es\/wp-json\/wp\/v2\/types\/page"}],"author":[{"embeddable":true,"href":"https:\/\/magalinutritionanimale.fr\/es\/wp-json\/wp\/v2\/users\/1"}],"replies":[{"embeddable":true,"href":"https:\/\/magalinutritionanimale.fr\/es\/wp-json\/wp\/v2\/comments?post=13"}],"version-history":[{"count":4,"href":"https:\/\/magalinutritionanimale.fr\/es\/wp-json\/wp\/v2\/pages\/13\/revisions"}],"predecessor-version":[{"id":133,"href":"https:\/\/magalinutritionanimale.fr\/es\/wp-json\/wp\/v2\/pages\/13\/revisions\/133"}],"wp:featuredmedia":[{"embeddable":true,"href":"https:\/\/magalinutritionanimale.fr\/es\/wp-json\/wp\/v2\/media\/25"}],"wp:attachment":[{"href":"https:\/\/magalinutritionanimale.fr\/es\/wp-json\/wp\/v2\/media?parent=13"}],"curies":[{"name":"wp","href":"https:\/\/api.w.org\/{rel}","templated":true}]}}