{"id":147,"date":"2026-02-22T11:01:52","date_gmt":"2026-02-22T11:01:52","guid":{"rendered":"https:\/\/magalinutritionanimale.fr\/?page_id=147"},"modified":"2026-04-07T07:21:44","modified_gmt":"2026-04-07T07:21:44","slug":"e-books-de-nutrition-animale","status":"publish","type":"page","link":"https:\/\/magalinutritionanimale.fr\/es\/e-books-de-nutrition-animale\/","title":{"rendered":"E\u2011books de nutrici\u00f3n animal"},"content":{"rendered":"<h2 class=\"wp-block-heading\">Mi libro de referencia sobre las croquetas para perros y gatos<\/h2>\n\n\n\n<div class=\"wp-block-columns is-layout-flex wp-container-core-columns-is-layout-28f84493 wp-block-columns-is-layout-flex\">\n<div class=\"wp-block-column is-layout-flow wp-block-column-is-layout-flow\">\n<figure class=\"wp-block-image size-large\"><img loading=\"lazy\" decoding=\"async\" width=\"642\" height=\"1024\" src=\"https:\/\/magalinutritionanimale.fr\/wp-content\/uploads\/2026\/04\/Portada-para-kindle-642x1024.png\" alt=\"\" class=\"wp-image-180\" srcset=\"https:\/\/magalinutritionanimale.fr\/wp-content\/uploads\/2026\/04\/Portada-para-kindle-642x1024.png 642w, https:\/\/magalinutritionanimale.fr\/wp-content\/uploads\/2026\/04\/Portada-para-kindle-188x300.png 188w, https:\/\/magalinutritionanimale.fr\/wp-content\/uploads\/2026\/04\/Portada-para-kindle-768x1226.png 768w, https:\/\/magalinutritionanimale.fr\/wp-content\/uploads\/2026\/04\/Portada-para-kindle-963x1536.png 963w, https:\/\/magalinutritionanimale.fr\/wp-content\/uploads\/2026\/04\/Portada-para-kindle-1283x2048.png 1283w, https:\/\/magalinutritionanimale.fr\/wp-content\/uploads\/2026\/04\/Portada-para-kindle-8x12.png 8w, https:\/\/magalinutritionanimale.fr\/wp-content\/uploads\/2026\/04\/Portada-para-kindle.png 1410w\" sizes=\"auto, (max-width: 642px) 100vw, 642px\" \/><\/figure>\n<\/div>\n\n\n\n<div class=\"wp-block-column is-layout-flow wp-block-column-is-layout-flow\">\n<figure class=\"wp-block-image size-large\"><img loading=\"lazy\" decoding=\"async\" width=\"642\" height=\"1024\" src=\"https:\/\/magalinutritionanimale.fr\/wp-content\/uploads\/2026\/04\/Portada-para-publi-kindle-642x1024.png\" alt=\"\" class=\"wp-image-181\" srcset=\"https:\/\/magalinutritionanimale.fr\/wp-content\/uploads\/2026\/04\/Portada-para-publi-kindle-642x1024.png 642w, https:\/\/magalinutritionanimale.fr\/wp-content\/uploads\/2026\/04\/Portada-para-publi-kindle-188x300.png 188w, https:\/\/magalinutritionanimale.fr\/wp-content\/uploads\/2026\/04\/Portada-para-publi-kindle-768x1226.png 768w, https:\/\/magalinutritionanimale.fr\/wp-content\/uploads\/2026\/04\/Portada-para-publi-kindle-963x1536.png 963w, https:\/\/magalinutritionanimale.fr\/wp-content\/uploads\/2026\/04\/Portada-para-publi-kindle-1283x2048.png 1283w, https:\/\/magalinutritionanimale.fr\/wp-content\/uploads\/2026\/04\/Portada-para-publi-kindle-8x12.png 8w, https:\/\/magalinutritionanimale.fr\/wp-content\/uploads\/2026\/04\/Portada-para-publi-kindle.png 1410w\" sizes=\"auto, (max-width: 642px) 100vw, 642px\" \/><\/figure>\n<\/div>\n<\/div>\n\n\n\n<p><strong>Comprender las croquetas para perros y gatos<\/strong> es una obra de referencia dirigida a familias, criadores y profesionales que desean ir m\u00e1s all\u00e1 de los esl\u00f3ganes de marketing y comprender realmente qu\u00e9 contienen las croquetas para perros y gatos.  \nEscrito por una nutricionista veterinaria especializada en alimentaci\u00f3n canina y felina, este libro explica de manera clara y rigurosa c\u00f3mo se fabrican las croquetas, c\u00f3mo leer e interpretar una etiqueta, qu\u00e9 significan los constituyentes anal\u00edticos, cu\u00e1l es el papel de los aditivos, vitaminas y minerales, as\u00ed como los principales enga\u00f1os del marketing.<\/p>\n\n\n\n<p>Tambi\u00e9n encontrar\u00e1s un m\u00e9todo sencillo para analizar las composiciones, comprender los porcentajes, evaluar la calidad de una receta seg\u00fan la especie y desarrollar una mirada cr\u00edtica s\u00f3lida sobre la nutrici\u00f3n industrial.  \nLa segunda parte del libro propone numerosos casos pr\u00e1cticos (perros y gatos) para poner en pr\u00e1ctica este m\u00e9todo y ganar autonom\u00eda en tus decisiones alimentarias.<\/p>\n\n\n\n<p><strong>Disponible en formato Kindle en Amazon<\/strong><\/p>\n\n\n\n<p>\ud83c\uddeb\ud83c\uddf7 <strong>Versi\u00f3n francesa<\/strong><\/p>\n\n\n\n<div class=\"wp-block-buttons is-layout-flex wp-block-buttons-is-layout-flex\">\n<div class=\"wp-block-button\"><a class=\"wp-block-button__link wp-element-button\" href=\"https:\/\/www.amazon.fr\/dp\/B0FYGZB55B?ref_=litb_stb_nodl&amp;nodl_android=1&amp;dplnkId=e4616461-f78e-4c54-bcac-8a6b4871624c\">Acheter Maintenant<\/a><\/div>\n<\/div>\n\n\n\n<p>\ud83c\uddea\ud83c\uddf8 <strong>Versi\u00f3n en espa\u00f1ol<\/strong><\/p>\n\n\n\n<div class=\"wp-block-buttons is-layout-flex wp-block-buttons-is-layout-flex\">\n<div class=\"wp-block-button\"><a class=\"wp-block-button__link wp-element-button\" href=\"https:\/\/amzn.eu\/d\/0a9n9pia\">Comprar ahora<\/a><\/div>\n<\/div>\n\n\n\n<h2 class=\"wp-block-heading\">Mis gu\u00edas pr\u00e1cticas para acompa\u00f1ar la alimentaci\u00f3n natural<\/h2>\n\n\n\n<p class=\"has-text-align-center\"><strong>Gu\u00edas pr\u00e1cticas para acompa\u00f1ar la alimentaci\u00f3n natural de su perro o de su gato.<\/strong><\/p>\n\n\n\n<p>Pongo a su disposici\u00f3n una colecci\u00f3n de manuales de acompa\u00f1amiento dise\u00f1ados para ayudar a las familias a comprender mejor la alimentaci\u00f3n natural de sus perros y gatos. Estos e\u2011books re\u00fanen documentos informativos que suelo compartir durante mis consultas, con el fin de completar la comprensi\u00f3n del r\u00e9gimen alimentario elegido.<\/p>\n\n\n\n<p>Se trata de materiales generales, no personalizados, que explican las bases esenciales: transici\u00f3n alimentaria, elecci\u00f3n de ingredientes, m\u00e9todos de cocci\u00f3n, higiene, posibles sustituciones, consejos pr\u00e1cticos, seguridad, primeros auxilios y muchos otros aspectos \u00fatiles para el d\u00eda a d\u00eda.<\/p>\n\n\n\n<p>Estas gu\u00edas no sustituyen un plan nutricional individualizado. Si su animal ya sigue una raci\u00f3n casera personalizada, las indicaciones espec\u00edficas de su plan siguen siendo siempre prioritarias, ya que est\u00e1n adaptadas a sus necesidades particulares.<\/p>\n\n\n\n<p>Cada manual tiene como objetivo acompa\u00f1arle, informarle y ofrecerle referencias fiables para abordar la alimentaci\u00f3n natural con total tranquilidad y sin complicaciones innecesarias.<\/p>\n\n\n\n<h2 class=\"wp-block-heading\">LO QUE LOS E\u2011BOOKS NO SON<\/h2>\n\n\n\n<p>Para evitar cualquier confusi\u00f3n:<\/p>\n\n\n\n<ul class=\"wp-block-list\">\n<li>No son planes nutricionales personalizados.<\/li>\n\n\n\n<li>No sustituyen una consulta individual.<\/li>\n\n\n\n<li>Sirven como material educativo para comprender y aplicar las bases de una alimentaci\u00f3n natural equilibrada.<\/li>\n<\/ul>\n\n\n\n<h2 class=\"wp-block-heading\">LOS E\u2011BOOKS DISPONIBLES<\/h2>\n\n\n\n<h3 class=\"wp-block-heading\"><strong>Manual de acompa\u00f1amiento para la dieta cocida en perros<\/strong><\/h3>\n\n\n\n<p>Precio: 9,90 \u20ac<\/p>\n\n\n\n<p>Este manual re\u00fane una serie de documentos informativos que suelo compartir con las familias que siguen una alimentaci\u00f3n cocida para su perro.<br>Se trata de materiales generales, no personalizados, que explican las bases: transici\u00f3n alimentaria, elecci\u00f3n de ingredientes, m\u00e9todos de cocci\u00f3n, posibles sustituciones, higiene, consejos pr\u00e1cticos e informaci\u00f3n \u00fatil para el d\u00eda a d\u00eda.<\/p>\n\n\n\n<p>Elija su idioma:<\/p>\n\n\n\n<p>\ud83c\uddeb\ud83c\uddf7 <strong>Versi\u00f3n francesa<\/strong><\/p>\n\n\n\n<div class=\"wp-block-buttons is-layout-flex wp-block-buttons-is-layout-flex\">\n<div class=\"wp-block-button\"><a class=\"wp-block-button__link wp-element-button\" href=\"https:\/\/payhip.com\/b\/A2pcQ\">Acheter Maintenant<\/a><\/div>\n<\/div>\n\n\n\n<p>\ud83c\uddea\ud83c\uddf8 <strong>Versi\u00f3n en espa\u00f1ol<\/strong> <\/p>\n\n\n\n<div class=\"wp-block-buttons is-layout-flex wp-block-buttons-is-layout-flex\">\n<div class=\"wp-block-button\"><a class=\"wp-block-button__link wp-element-button\" href=\"https:\/\/payhip.com\/b\/wlV9q\">Comprar ahora<\/a><\/div>\n<\/div>\n\n\n\n<h3 class=\"wp-block-heading\"><strong>Manual de acompa\u00f1amiento para la dieta cruda en perros<\/strong><\/h3>\n\n\n\n<p>Precio: 9,90 \u20ac<\/p>\n\n\n\n<p>Esta gu\u00eda re\u00fane documentos educativos destinados a acompa\u00f1ar a las familias que desean comprender los principios de una alimentaci\u00f3n cruda para perros.<br>Incluye informaci\u00f3n general sobre la transici\u00f3n, la seguridad, la higiene, los tipos de alimentos, las precauciones, las sustituciones y consejos pr\u00e1cticos para empezar con tranquilidad.<\/p>\n\n\n\n<p>Elija su idioma:<\/p>\n\n\n\n<p>\ud83c\uddeb\ud83c\uddf7 <strong>Versi\u00f3n francesa<\/strong><\/p>\n\n\n\n<div class=\"wp-block-buttons is-layout-flex wp-block-buttons-is-layout-flex\">\n<div class=\"wp-block-button\"><a class=\"wp-block-button__link wp-element-button\" href=\"https:\/\/payhip.com\/b\/d3Gen\">Acheter Maintenant<\/a><\/div>\n<\/div>\n\n\n\n<p>\ud83c\uddea\ud83c\uddf8 <strong>Versi\u00f3n en espa\u00f1ol<\/strong><\/p>\n\n\n\n<div class=\"wp-block-buttons is-layout-flex wp-block-buttons-is-layout-flex\">\n<div class=\"wp-block-button\"><a class=\"wp-block-button__link wp-element-button\" href=\"https:\/\/payhip.com\/b\/sRr7j\">Comprar ahora<\/a><\/div>\n<\/div>\n\n\n\n<h3 class=\"wp-block-heading\"><strong>Manual de acompa\u00f1amiento para la dieta cocida en gatos<\/strong><\/h3>\n\n\n\n<p>Precio: 9,90 \u20ac<\/p>\n\n\n\n<p>Este e\u2011book contiene los documentos de acompa\u00f1amiento que suelo proporcionar a las familias que siguen una alimentaci\u00f3n cocida para su gato. Se trata de materiales generales que explican las bases: transici\u00f3n, cocci\u00f3n, ingredientes adecuados, higiene, sustituciones, consejos pr\u00e1cticos e informaci\u00f3n \u00fatil para comprender mejor el r\u00e9gimen.<\/p>\n\n\n\n<p>Elija su idioma:<\/p>\n\n\n\n<p>\ud83c\uddeb\ud83c\uddf7 <strong>Versi\u00f3n francesa<\/strong><\/p>\n\n\n\n<div class=\"wp-block-buttons is-layout-flex wp-block-buttons-is-layout-flex\">\n<div class=\"wp-block-button\"><a class=\"wp-block-button__link wp-element-button\" href=\"https:\/\/payhip.com\/b\/g3lGN\">Acheter Maintenant<\/a><\/div>\n<\/div>\n\n\n\n<p>\ud83c\uddea\ud83c\uddf8 <strong>Versi\u00f3n en espa\u00f1ol<\/strong><\/p>\n\n\n\n<div class=\"wp-block-buttons is-layout-flex wp-block-buttons-is-layout-flex\">\n<div class=\"wp-block-button\"><a class=\"wp-block-button__link wp-element-button\" href=\"https:\/\/payhip.com\/b\/TMzvI\">Comprar ahora<\/a><\/div>\n<\/div>\n\n\n\n<h3 class=\"wp-block-heading\"><strong>Manual de acompa\u00f1amiento para la dieta cruda en gatos<\/strong><\/h3>\n\n\n\n<p>Precio: 9,90 \u20ac<\/p>\n\n\n\n<p>Este manual re\u00fane documentos informativos destinados a acompa\u00f1ar a las familias interesadas en la alimentaci\u00f3n cruda para gatos. Encontrar\u00e1 informaci\u00f3n general sobre la seguridad, la higiene, los alimentos adecuados, las posibles sustituciones, las precauciones y consejos pr\u00e1cticos para comenzar con total tranquilidad.<\/p>\n\n\n\n<p>Elija su idioma:<\/p>\n\n\n\n<p>\ud83c\uddeb\ud83c\uddf7 <strong>Versi\u00f3n francesa<\/strong><\/p>\n\n\n\n<div class=\"wp-block-buttons is-layout-flex wp-block-buttons-is-layout-flex\">\n<div class=\"wp-block-button\"><a class=\"wp-block-button__link wp-element-button\" href=\"https:\/\/payhip.com\/b\/Nk2ge\">Acheter Maintenant<\/a><\/div>\n<\/div>\n\n\n\n<p>\ud83c\uddea\ud83c\uddf8 <strong>Versi\u00f3n en espa\u00f1ol<\/strong><\/p>\n\n\n\n<div class=\"wp-block-buttons is-layout-flex wp-block-buttons-is-layout-flex\">\n<div class=\"wp-block-button\"><a class=\"wp-block-button__link wp-element-button\" href=\"https:\/\/payhip.com\/b\/KoXUN\">Comprar ahora<\/a><\/div>\n<\/div>\n\n\n\n<h2 class=\"wp-block-heading\"><strong>Packs<\/strong><\/h2>\n\n\n\n<h3 class=\"wp-block-heading\"><strong>Pack Perros (Crudo + Cocido)<\/strong><\/h3>\n\n\n\n<p>Precio: 17,90 \u20ac<\/p>\n\n\n\n<p>Dos manuales complementarios que re\u00fanen todos los documentos educativos que suelo compartir con las familias que siguen una alimentaci\u00f3n natural para perros.<\/p>\n\n\n\n<p>Elija su idioma:<\/p>\n\n\n\n<p>\ud83c\uddeb\ud83c\uddf7 <strong>Pack fran\u00e7ais<\/strong><\/p>\n\n\n\n<div class=\"wp-block-buttons is-layout-flex wp-block-buttons-is-layout-flex\">\n<div class=\"wp-block-button\"><a class=\"wp-block-button__link wp-element-button\" href=\"https:\/\/payhip.com\/b\/rAx82\">Acheter Maintenant<\/a><\/div>\n<\/div>\n\n\n\n<p>\ud83c\uddea\ud83c\uddf8 <strong>Pack espa\u00f1ol<\/strong><\/p>\n\n\n\n<div class=\"wp-block-buttons is-layout-flex wp-block-buttons-is-layout-flex\">\n<div class=\"wp-block-button\"><a class=\"wp-block-button__link wp-element-button\" href=\"https:\/\/payhip.com\/b\/5jO4v\">Comprar ahora<\/a><\/div>\n<\/div>\n\n\n\n<h3 class=\"wp-block-heading\"><strong>Pack Gatos (Crudo + Cocido)<\/strong><\/h3>\n\n\n\n<p>Precio: 17,90 \u20ac<\/p>\n\n\n\n<p>Dos gu\u00edas de acompa\u00f1amiento que contienen documentos informativos destinados a las familias que desean comprender mejor la alimentaci\u00f3n natural en gatos.<\/p>\n\n\n\n<p>Elija su idioma:<\/p>\n\n\n\n<p>\ud83c\uddeb\ud83c\uddf7 <strong>Pack fran\u00e7ais<\/strong><\/p>\n\n\n\n<div class=\"wp-block-buttons is-layout-flex wp-block-buttons-is-layout-flex\">\n<div class=\"wp-block-button\"><a class=\"wp-block-button__link wp-element-button\" href=\"https:\/\/payhip.com\/b\/yWPn1\">Acheter Maintenant<\/a><\/div>\n<\/div>\n\n\n\n<p>\ud83c\uddea\ud83c\uddf8 <strong>Pack espa\u00f1ol<\/strong> <\/p>\n\n\n\n<div class=\"wp-block-buttons is-layout-flex wp-block-buttons-is-layout-flex\">\n<div class=\"wp-block-button\"><a class=\"wp-block-button__link wp-element-button\" href=\"https:\/\/payhip.com\/b\/LaOMb\">Comprar ahora<\/a><\/div>\n<\/div>\n\n\n\n<h3 class=\"wp-block-heading\"><strong>Pack Completo (4 manuales)<\/strong><\/h3>\n\n\n\n<p>Precio: 32,00 \u20ac<\/p>\n\n\n\n<p>El pack ideal para las familias con varias especies o para quienes desean disponer de todos los documentos educativos relacionados con la alimentaci\u00f3n natural de perros y gatos.<\/p>\n\n\n\n<p>Elija su idioma:<\/p>\n\n\n\n<p>\ud83c\uddeb\ud83c\uddf7 <strong>Pack fran\u00e7ais<\/strong> <\/p>\n\n\n\n<div class=\"wp-block-buttons is-layout-flex wp-block-buttons-is-layout-flex\">\n<div class=\"wp-block-button\"><a class=\"wp-block-button__link wp-element-button\" href=\"https:\/\/payhip.com\/b\/HCPpW\">Acheter Maintenant<\/a><\/div>\n<\/div>\n\n\n\n<p>\ud83c\uddea\ud83c\uddf8 <strong>Pack espa\u00f1ol<\/strong><\/p>\n\n\n\n<div class=\"wp-block-buttons is-layout-flex wp-block-buttons-is-layout-flex\">\n<div class=\"wp-block-button\"><a class=\"wp-block-button__link wp-element-button\" href=\"https:\/\/payhip.com\/b\/iASDO\">Comprar ahora<\/a><\/div>\n<\/div>\n\n\n\n<p><\/p>","protected":false},"excerpt":{"rendered":"<p>Mon livre de r\u00e9f\u00e9rence sur les croquettes pour chiens et chats Comprendre les croquettes pour chiens et chats est un ouvrage de r\u00e9f\u00e9rence destin\u00e9 aux familles, aux \u00e9leveurs et aux professionnels qui souhaitent aller au\u2011del\u00e0 des slogans marketing et comprendre r\u00e9ellement ce que contiennent les croquettes pour chiens et chats. R\u00e9dig\u00e9 par une nutritionniste v\u00e9t\u00e9rinaire [&hellip;]<\/p>","protected":false},"author":1,"featured_media":149,"parent":0,"menu_order":0,"comment_status":"closed","ping_status":"closed","template":"","meta":{"footnotes":""},"class_list":["post-147","page","type-page","status-publish","has-post-thumbnail","hentry"],"_links":{"self":[{"href":"https:\/\/magalinutritionanimale.fr\/es\/wp-json\/wp\/v2\/pages\/147","targetHints":{"allow":["GET"]}}],"collection":[{"href":"https:\/\/magalinutritionanimale.fr\/es\/wp-json\/wp\/v2\/pages"}],"about":[{"href":"https:\/\/magalinutritionanimale.fr\/es\/wp-json\/wp\/v2\/types\/page"}],"author":[{"embeddable":true,"href":"https:\/\/magalinutritionanimale.fr\/es\/wp-json\/wp\/v2\/users\/1"}],"replies":[{"embeddable":true,"href":"https:\/\/magalinutritionanimale.fr\/es\/wp-json\/wp\/v2\/comments?post=147"}],"version-history":[{"count":22,"href":"https:\/\/magalinutritionanimale.fr\/es\/wp-json\/wp\/v2\/pages\/147\/revisions"}],"predecessor-version":[{"id":184,"href":"https:\/\/magalinutritionanimale.fr\/es\/wp-json\/wp\/v2\/pages\/147\/revisions\/184"}],"wp:featuredmedia":[{"embeddable":true,"href":"https:\/\/magalinutritionanimale.fr\/es\/wp-json\/wp\/v2\/media\/149"}],"wp:attachment":[{"href":"https:\/\/magalinutritionanimale.fr\/es\/wp-json\/wp\/v2\/media?parent=147"}],"curies":[{"name":"wp","href":"https:\/\/api.w.org\/{rel}","templated":true}]}}