{"id":29,"date":"2026-01-08T16:42:26","date_gmt":"2026-01-08T16:42:26","guid":{"rendered":"https:\/\/www.mama4573.odns.fr\/?page_id=29"},"modified":"2026-04-27T17:51:16","modified_gmt":"2026-04-27T17:51:16","slug":"articles-publications","status":"publish","type":"page","link":"https:\/\/magalinutritionanimale.fr\/es\/articles-publications\/","title":{"rendered":"Art\u00edculos y publicaciones"},"content":{"rendered":"<p>Esta p\u00e1gina re\u00fane una selecci\u00f3n de mis art\u00edculos y contribuciones en nutrici\u00f3n animal. Cada enlace remite a la publicaci\u00f3n original, para que pueda consultar el contenido en su contexto completo.<\/p>\n\n\n\n<h2 class=\"wp-block-heading\"><strong>Dietas crudas en perros y gatos: an\u00e1lisis y reflexiones basadas en los datos disponibles<\/strong><\/h2>\n\n\n\n<p><br>Art\u00edculo publicado en IEMascotas.<br> <a href=\"https:\/\/iemascotas.com\/Articulos\/614001-Dietas-crudas-en-perros-y-gatos-Analisis-y-reflexiones-basadas-en-la-evidencia.html\">Leer el art\u00edculo<\/a><\/p>\n\n\n\n<p>An\u00e1lisis cr\u00edtico de las dietas crudas en perros y gatos, basado en los datos disponibles y las implicaciones pr\u00e1cticas para las familias.<\/p>\n\n\n\n<figure class=\"wp-block-image size-full\"><img loading=\"lazy\" decoding=\"async\" width=\"606\" height=\"697\" src=\"https:\/\/www.mama4573.odns.fr\/wp-content\/uploads\/2026\/01\/Article-1.jpeg\" alt=\"\" class=\"wp-image-34\" srcset=\"https:\/\/magalinutritionanimale.fr\/wp-content\/uploads\/2026\/01\/Article-1.jpeg 606w, https:\/\/magalinutritionanimale.fr\/wp-content\/uploads\/2026\/01\/Article-1-261x300.jpeg 261w\" sizes=\"auto, (max-width: 606px) 100vw, 606px\" \/><\/figure>\n\n\n\n<h2 class=\"wp-block-heading\"><strong>C\u00f3mo elegir un alimento seco para perros y gatos: comprender los criterios esenciales<\/strong><\/h2>\n\n\n\n<p>La alimentaci\u00f3n natural puede aportar muchos beneficios, pero cada familia tiene sus propias circunstancias y preferencias. Cuando se opta por un alimento seco, es esencial saber interpretarlo y elegirlo bien.<\/p>\n\n\n\n<p>En este art\u00edculo publicado en <em>Mascotas Interempresas<\/em>, explico de forma sencilla y pr\u00e1ctica c\u00f3mo interpretar el alimento seco para perros y gatos y qu\u00e9 aspectos valorar para tomar una decisi\u00f3n informada.<\/p>\n\n\n\n<p><strong><a href=\"https:\/\/www.interempresas.net\/FlipBooks\/MS\/14\/38\/\">Leer el art\u00edculo<\/a><\/strong><\/p>\n\n\n\n<div class=\"wp-block-columns is-layout-flex wp-container-core-columns-is-layout-28f84493 wp-block-columns-is-layout-flex\">\n<div class=\"wp-block-column is-layout-flow wp-block-column-is-layout-flow\" style=\"flex-basis:100%\">\n<figure class=\"wp-block-image size-full\"><img loading=\"lazy\" decoding=\"async\" width=\"634\" height=\"895\" src=\"https:\/\/magalinutritionanimale.fr\/wp-content\/uploads\/2026\/02\/1-1.jpeg\" alt=\"\" class=\"wp-image-173\" srcset=\"https:\/\/magalinutritionanimale.fr\/wp-content\/uploads\/2026\/02\/1-1.jpeg 634w, https:\/\/magalinutritionanimale.fr\/wp-content\/uploads\/2026\/02\/1-1-213x300.jpeg 213w, https:\/\/magalinutritionanimale.fr\/wp-content\/uploads\/2026\/02\/1-1-9x12.jpeg 9w\" sizes=\"auto, (max-width: 634px) 100vw, 634px\" \/><\/figure>\n<\/div>\n<\/div>\n\n\n\n<h2 class=\"wp-block-heading\">El vac\u00edo en la nutrici\u00f3n canina: por qu\u00e9 el tama\u00f1o del perro importa m\u00e1s de lo que se ha reconocido.<\/h2>\n\n\n\n<p>Este art\u00edculo pone de relieve un aspecto que a menudo se pasa por alto en la nutrici\u00f3n canina: el tama\u00f1o del perro modifica profundamente su fisiolog\u00eda digestiva y metab\u00f3lica. Explico por qu\u00e9 los perros peque\u00f1os no pueden ser alimentados como versiones miniaturizadas de los grandes y c\u00f3mo esta realidad cambia la forma de formular una alimentaci\u00f3n verdaderamente adaptada.<\/p>\n\n\n\n<p>Art\u00edculo publicado en IEMascotas.<\/p>\n\n\n\n<p><strong><a href=\"https:\/\/iemascotas.com\/Articulos\/627170-vacio-nutricion-canina-que-tamano-del-perro-importa-mas-lo-que-se-ha-reconocido.html\">Leer el art\u00edculo<\/a><\/strong><\/p>\n\n\n\n<figure class=\"wp-block-image size-large\"><img loading=\"lazy\" decoding=\"async\" width=\"1024\" height=\"860\" src=\"https:\/\/magalinutritionanimale.fr\/wp-content\/uploads\/2026\/04\/WhatsApp-Image-2026-04-10-at-10.27.00-1024x860.jpeg\" alt=\"\" class=\"wp-image-202\" srcset=\"https:\/\/magalinutritionanimale.fr\/wp-content\/uploads\/2026\/04\/WhatsApp-Image-2026-04-10-at-10.27.00-1024x860.jpeg 1024w, https:\/\/magalinutritionanimale.fr\/wp-content\/uploads\/2026\/04\/WhatsApp-Image-2026-04-10-at-10.27.00-300x252.jpeg 300w, https:\/\/magalinutritionanimale.fr\/wp-content\/uploads\/2026\/04\/WhatsApp-Image-2026-04-10-at-10.27.00-768x645.jpeg 768w, https:\/\/magalinutritionanimale.fr\/wp-content\/uploads\/2026\/04\/WhatsApp-Image-2026-04-10-at-10.27.00-14x12.jpeg 14w, https:\/\/magalinutritionanimale.fr\/wp-content\/uploads\/2026\/04\/WhatsApp-Image-2026-04-10-at-10.27.00.jpeg 1052w\" sizes=\"auto, (max-width: 1024px) 100vw, 1024px\" \/><\/figure>\n\n\n\n<h2 class=\"wp-block-heading\">Nutrici\u00f3n canina en criaderos: comprender la fisiolog\u00eda para elegir mejor<\/h2>\n\n\n\n<p>La nutrici\u00f3n en un criadero no empieza en el saco ni en la receta. Empieza en el propio perro.<br>En este art\u00edculo publicado por Interempresas, explico por qu\u00e9 el tama\u00f1o modifica profundamente la fisiolog\u00eda digestiva y c\u00f3mo influye en la manera en que cada perro asimila los nutrientes, tolera las grasas y gestiona la carga digestiva.<\/p>\n\n\n\n<p>Es un tema del que se habla muy poco, a pesar de ser esencial para elegir una alimentaci\u00f3n realmente adaptada \u2014 desde los perros mini hasta los gigantes.<br>El art\u00edculo tambi\u00e9n incluye unas fotograf\u00edas magn\u00edficas del criadero La Tribu Amazon (Francia), cuyos perros alimentados de forma natural ilustran perfectamente este enfoque.<\/p>\n\n\n\n<p>Art\u00edculo publicado en IEMascotas.<\/p>\n\n\n\n<p><strong><a href=\"https:\/\/www.interempresas.net\/FlipBooks\/MS\/\">Leer el art\u00edculo<\/a><\/strong><\/p>\n\n\n\n<figure class=\"wp-block-image size-full\"><img loading=\"lazy\" decoding=\"async\" width=\"554\" height=\"784\" src=\"https:\/\/magalinutritionanimale.fr\/wp-content\/uploads\/2026\/04\/WhatsApp-Image-2026-04-27-at-12.14.47.jpeg\" alt=\"\" class=\"wp-image-208\" srcset=\"https:\/\/magalinutritionanimale.fr\/wp-content\/uploads\/2026\/04\/WhatsApp-Image-2026-04-27-at-12.14.47.jpeg 554w, https:\/\/magalinutritionanimale.fr\/wp-content\/uploads\/2026\/04\/WhatsApp-Image-2026-04-27-at-12.14.47-212x300.jpeg 212w, https:\/\/magalinutritionanimale.fr\/wp-content\/uploads\/2026\/04\/WhatsApp-Image-2026-04-27-at-12.14.47-8x12.jpeg 8w\" sizes=\"auto, (max-width: 554px) 100vw, 554px\" \/><\/figure>","protected":false},"excerpt":{"rendered":"<p>Cette page regroupe une s\u00e9lection de mes articles et contributions en nutrition animale. Chaque lien renvoie vers la publication originale, afin que vous puissiez consulter le contenu dans son contexte complet. R\u00e9gimes crus chez les chiens et les chats : analyse et r\u00e9flexions bas\u00e9es sur les donn\u00e9es disponibles Article publi\u00e9 sur IEMascotas. Lire l\u2019article Analyse [&hellip;]<\/p>","protected":false},"author":1,"featured_media":36,"parent":0,"menu_order":0,"comment_status":"closed","ping_status":"closed","template":"","meta":{"footnotes":""},"class_list":["post-29","page","type-page","status-publish","has-post-thumbnail","hentry"],"_links":{"self":[{"href":"https:\/\/magalinutritionanimale.fr\/es\/wp-json\/wp\/v2\/pages\/29","targetHints":{"allow":["GET"]}}],"collection":[{"href":"https:\/\/magalinutritionanimale.fr\/es\/wp-json\/wp\/v2\/pages"}],"about":[{"href":"https:\/\/magalinutritionanimale.fr\/es\/wp-json\/wp\/v2\/types\/page"}],"author":[{"embeddable":true,"href":"https:\/\/magalinutritionanimale.fr\/es\/wp-json\/wp\/v2\/users\/1"}],"replies":[{"embeddable":true,"href":"https:\/\/magalinutritionanimale.fr\/es\/wp-json\/wp\/v2\/comments?post=29"}],"version-history":[{"count":9,"href":"https:\/\/magalinutritionanimale.fr\/es\/wp-json\/wp\/v2\/pages\/29\/revisions"}],"predecessor-version":[{"id":209,"href":"https:\/\/magalinutritionanimale.fr\/es\/wp-json\/wp\/v2\/pages\/29\/revisions\/209"}],"wp:featuredmedia":[{"embeddable":true,"href":"https:\/\/magalinutritionanimale.fr\/es\/wp-json\/wp\/v2\/media\/36"}],"wp:attachment":[{"href":"https:\/\/magalinutritionanimale.fr\/es\/wp-json\/wp\/v2\/media?parent=29"}],"curies":[{"name":"wp","href":"https:\/\/api.w.org\/{rel}","templated":true}]}}