{"id":41,"date":"2026-01-08T19:19:15","date_gmt":"2026-01-08T19:19:15","guid":{"rendered":"https:\/\/www.mama4573.odns.fr\/?page_id=41"},"modified":"2026-01-09T14:34:38","modified_gmt":"2026-01-09T14:34:38","slug":"contact","status":"publish","type":"page","link":"https:\/\/magalinutritionanimale.fr\/es\/contact\/","title":{"rendered":"Contacto"},"content":{"rendered":"<p>Para cualquier pregunta o para un acompa\u00f1amiento en nutrici\u00f3n, puede contactarme directamente. Le responder\u00e9 con claridad y en el menor tiempo posible.<\/p>\n\n\n\n<h2 class=\"wp-block-heading\"><strong>Contactarme<\/strong><\/h2>\n\n\n\n<p>Para cualquier pregunta o para un acompa\u00f1amiento en nutrici\u00f3n, puede contactarme por correo electr\u00f3nico:<\/p>\n\n\n\n<p><strong>\ud83d\udce7 magalinutripets@gmail.com<\/strong><\/p>\n\n\n\n<p>Tambi\u00e9n puede consultar las opiniones dejadas por las familias en Google Maps. <\/p>\n\n\n\n<p><a href=\"https:\/\/share.google\/apbp7KzlG94NT4Jfi\">https:\/\/share.google\/apbp7KzlG94NT4Jfi<\/a><\/p>\n\n\n\n<p>Le respondo personalmente y con claridad. Cada situaci\u00f3n es \u00fanica: no dude en contactarme si tiene alguna pregunta o si desea un acompa\u00f1amiento adaptado.<\/p>","protected":false},"excerpt":{"rendered":"<p>Pour toute question ou pour un accompagnement en nutrition, vous pouvez me contacter directement. Je vous r\u00e9ponds avec clart\u00e9 et dans les meilleurs d\u00e9lais. Me contacter Pour toute question ou pour un accompagnement en nutrition, vous pouvez me joindre par e\u2011mail : \ud83d\udce7 magalinutripets@gmail.com Vous pouvez \u00e9galement consulter les avis laiss\u00e9s par les familles sur [&hellip;]<\/p>","protected":false},"author":1,"featured_media":60,"parent":0,"menu_order":0,"comment_status":"closed","ping_status":"closed","template":"","meta":{"footnotes":""},"class_list":["post-41","page","type-page","status-publish","has-post-thumbnail","hentry"],"_links":{"self":[{"href":"https:\/\/magalinutritionanimale.fr\/es\/wp-json\/wp\/v2\/pages\/41","targetHints":{"allow":["GET"]}}],"collection":[{"href":"https:\/\/magalinutritionanimale.fr\/es\/wp-json\/wp\/v2\/pages"}],"about":[{"href":"https:\/\/magalinutritionanimale.fr\/es\/wp-json\/wp\/v2\/types\/page"}],"author":[{"embeddable":true,"href":"https:\/\/magalinutritionanimale.fr\/es\/wp-json\/wp\/v2\/users\/1"}],"replies":[{"embeddable":true,"href":"https:\/\/magalinutritionanimale.fr\/es\/wp-json\/wp\/v2\/comments?post=41"}],"version-history":[{"count":3,"href":"https:\/\/magalinutritionanimale.fr\/es\/wp-json\/wp\/v2\/pages\/41\/revisions"}],"predecessor-version":[{"id":131,"href":"https:\/\/magalinutritionanimale.fr\/es\/wp-json\/wp\/v2\/pages\/41\/revisions\/131"}],"wp:featuredmedia":[{"embeddable":true,"href":"https:\/\/magalinutritionanimale.fr\/es\/wp-json\/wp\/v2\/media\/60"}],"wp:attachment":[{"href":"https:\/\/magalinutritionanimale.fr\/es\/wp-json\/wp\/v2\/media?parent=41"}],"curies":[{"name":"wp","href":"https:\/\/api.w.org\/{rel}","templated":true}]}}