{"id":8,"date":"2026-01-08T16:20:58","date_gmt":"2026-01-08T16:20:58","guid":{"rendered":"https:\/\/www.mama4573.odns.fr\/?page_id=8"},"modified":"2026-02-20T14:53:10","modified_gmt":"2026-02-20T14:53:10","slug":"accueil","status":"publish","type":"page","link":"https:\/\/magalinutritionanimale.fr\/es\/","title":{"rendered":"Inicio"},"content":{"rendered":"<figure class=\"wp-block-image size-large\"><img loading=\"lazy\" decoding=\"async\" width=\"1024\" height=\"683\" src=\"https:\/\/www.mama4573.odns.fr\/wp-content\/uploads\/2026\/01\/portada-1024x683.png\" alt=\"\" class=\"wp-image-18\" srcset=\"https:\/\/magalinutritionanimale.fr\/wp-content\/uploads\/2026\/01\/portada-1024x683.png 1024w, https:\/\/magalinutritionanimale.fr\/wp-content\/uploads\/2026\/01\/portada-300x200.png 300w, https:\/\/magalinutritionanimale.fr\/wp-content\/uploads\/2026\/01\/portada-768x512.png 768w, https:\/\/magalinutritionanimale.fr\/wp-content\/uploads\/2026\/01\/portada.png 1536w\" sizes=\"auto, (max-width: 1024px) 100vw, 1024px\" \/><\/figure>\n\n\n\n<p>Magali Martin \u2013 Especialista en nutrici\u00f3n animal para perros, gatos y hurones dom\u00e9sticos.<\/p>\n\n\n\n<h2 class=\"wp-block-heading\"><strong>Sobre mi<\/strong><\/h2>\n\n\n\n<p>Soy Magali Martin, especialista francesa en nutrici\u00f3n animal, originaria de S\u00e8te y afincada desde hace varios a\u00f1os en Alicante (Espa\u00f1a). Acompa\u00f1o a familias y a profesionales del sector animal a comprender y optimizar la alimentaci\u00f3n de perros, gatos y hurones dom\u00e9sticos mediante un enfoque cient\u00edfico, claro y accesible.<\/p>\n\n\n\n<p>Estoy formada en nutrici\u00f3n canina, felina y de hurones, con una especializaci\u00f3n en alimentaci\u00f3n natural \u2014tanto cruda como cocinada\u2014 y en dietas comerciales. Mi trabajo se basa en los est\u00e1ndares internacionales de referencia en nutrici\u00f3n animal, incluyendo las recomendaciones del NRC (National Research Council) y los principios de Small Animal Clinical Nutrition.<\/p>\n\n\n\n<p>Mi formaci\u00f3n es internacional: me he formado junto a profesionales y veterinarios de renombre mundial, lo que me permite integrar m\u00e9todos actualizados, fiables y reconocidos dentro del campo de la nutrici\u00f3n animal.<\/p>\n\n\n\n<p>Como Auxiliar T\u00e9cnico Veterinario (ATV) con experiencia cl\u00ednica, y miembro de la Raw Feeding Veterinary Society (RFVS), me formo de manera continua para ofrecer un acompa\u00f1amiento serio, riguroso y respetuoso con las necesidades reales de cada animal.<\/p>\n\n\n\n<p>Acompa\u00f1o a las familias de forma presencial en Alicante (Espa\u00f1a) y tambi\u00e9n en l\u00ednea, con experiencia en consultas en Francia, Espa\u00f1a, Argentina, Portugal, Chile, Per\u00fa, Finlandia y Austria. Si desean saber m\u00e1s sobre mi trayectoria o mis formaciones, estar\u00e9 encantada de comentarlo durante nuestra primera consulta.<\/p>\n\n\n\n<figure class=\"wp-block-image aligncenter size-large is-resized\"><img loading=\"lazy\" decoding=\"async\" width=\"862\" height=\"1024\" src=\"https:\/\/www.mama4573.odns.fr\/wp-content\/uploads\/2026\/01\/Foto-mia-862x1024.png\" alt=\"\" class=\"wp-image-26\" style=\"aspect-ratio:0.8417952583565116;width:337px;height:auto\" srcset=\"https:\/\/magalinutritionanimale.fr\/wp-content\/uploads\/2026\/01\/Foto-mia-862x1024.png 862w, https:\/\/magalinutritionanimale.fr\/wp-content\/uploads\/2026\/01\/Foto-mia-252x300.png 252w, https:\/\/magalinutritionanimale.fr\/wp-content\/uploads\/2026\/01\/Foto-mia-768x913.png 768w, https:\/\/magalinutritionanimale.fr\/wp-content\/uploads\/2026\/01\/Foto-mia-1292x1536.png 1292w, https:\/\/magalinutritionanimale.fr\/wp-content\/uploads\/2026\/01\/Foto-mia-1723x2048.png 1723w\" sizes=\"auto, (max-width: 862px) 100vw, 862px\" \/><\/figure>\n\n\n\n<h2 class=\"wp-block-heading\">Mis servicios<\/h2>\n\n\n\n<ul class=\"wp-block-list\">\n<li>Consulta nutricional simple<\/li>\n\n\n\n<li>Consulta sobre dietas comerciales<\/li>\n\n\n\n<li>Plan nutricional para perros, gatos y hurones dom\u00e9sticos sanos (cocido, crudo, BARF, modelo presa)<\/li>\n\n\n\n<li>Planes nutricionales para cachorros y gatitos<\/li>\n\n\n\n<li>Acompa\u00f1amiento nutricional para animales con necesidades espec\u00edficas (ajustes, optimizaci\u00f3n, apoyo nutricional)<\/li>\n<\/ul>\n\n\n\n<div class=\"wp-block-buttons is-layout-flex wp-block-buttons-is-layout-flex\">\n<div class=\"wp-block-button is-style-fill\"><a class=\"wp-block-button__link has-contrast-color has-accent-4-background-color has-text-color has-background has-link-color wp-element-button\" href=\"https:\/\/magalinutritionanimale.fr\/es\/services-en-nutrition\/\">Saber m\u00e1s<\/a><\/div>\n<\/div>\n\n\n\n<figure class=\"wp-block-image size-large\"><img loading=\"lazy\" decoding=\"async\" width=\"1024\" height=\"768\" src=\"https:\/\/www.mama4573.odns.fr\/wp-content\/uploads\/2026\/01\/Miss-1-1024x768.jpg\" alt=\"\" class=\"wp-image-22\" srcset=\"https:\/\/magalinutritionanimale.fr\/wp-content\/uploads\/2026\/01\/Miss-1-1024x768.jpg 1024w, https:\/\/magalinutritionanimale.fr\/wp-content\/uploads\/2026\/01\/Miss-1-300x225.jpg 300w, https:\/\/magalinutritionanimale.fr\/wp-content\/uploads\/2026\/01\/Miss-1-768x576.jpg 768w, https:\/\/magalinutritionanimale.fr\/wp-content\/uploads\/2026\/01\/Miss-1-1536x1152.jpg 1536w, https:\/\/magalinutritionanimale.fr\/wp-content\/uploads\/2026\/01\/Miss-1-2048x1536.jpg 2048w\" sizes=\"auto, (max-width: 1024px) 100vw, 1024px\" \/><\/figure>","protected":false},"excerpt":{"rendered":"<p>Magali Martin &#8211; Sp\u00e9cialiste en nutrition animale pour chiens, chats et furets domestiques. \u00c0 propos de moi Je suis Magali Martin, sp\u00e9cialiste fran\u00e7aise en nutrition animale, originaire de S\u00e8te et install\u00e9e depuis plusieurs ann\u00e9es \u00e0 Alicante (Espagne). J\u2019aide les familles et les professionnels du secteur animalier \u00e0 comprendre et optimiser l\u2019alimentation des chiens, chats et [&hellip;]<\/p>","protected":false},"author":1,"featured_media":126,"parent":0,"menu_order":0,"comment_status":"closed","ping_status":"closed","template":"","meta":{"footnotes":""},"class_list":["post-8","page","type-page","status-publish","has-post-thumbnail","hentry"],"_links":{"self":[{"href":"https:\/\/magalinutritionanimale.fr\/es\/wp-json\/wp\/v2\/pages\/8","targetHints":{"allow":["GET"]}}],"collection":[{"href":"https:\/\/magalinutritionanimale.fr\/es\/wp-json\/wp\/v2\/pages"}],"about":[{"href":"https:\/\/magalinutritionanimale.fr\/es\/wp-json\/wp\/v2\/types\/page"}],"author":[{"embeddable":true,"href":"https:\/\/magalinutritionanimale.fr\/es\/wp-json\/wp\/v2\/users\/1"}],"replies":[{"embeddable":true,"href":"https:\/\/magalinutritionanimale.fr\/es\/wp-json\/wp\/v2\/comments?post=8"}],"version-history":[{"count":10,"href":"https:\/\/magalinutritionanimale.fr\/es\/wp-json\/wp\/v2\/pages\/8\/revisions"}],"predecessor-version":[{"id":146,"href":"https:\/\/magalinutritionanimale.fr\/es\/wp-json\/wp\/v2\/pages\/8\/revisions\/146"}],"wp:featuredmedia":[{"embeddable":true,"href":"https:\/\/magalinutritionanimale.fr\/es\/wp-json\/wp\/v2\/media\/126"}],"wp:attachment":[{"href":"https:\/\/magalinutritionanimale.fr\/es\/wp-json\/wp\/v2\/media?parent=8"}],"curies":[{"name":"wp","href":"https:\/\/api.w.org\/{rel}","templated":true}]}}